{"id":14,"date":"2025-09-18T12:58:09","date_gmt":"2025-09-18T12:58:09","guid":{"rendered":"http:\/\/www.marbilar.pt\/?page_id=14"},"modified":"2025-10-31T15:55:37","modified_gmt":"2025-10-31T15:55:37","slug":"brevemente","status":"publish","type":"page","link":"https:\/\/www.marbilar.pt\/","title":{"rendered":"Brevemente"},"content":{"rendered":"\t\t<div data-elementor-type=\"wp-page\" data-elementor-id=\"14\" class=\"elementor elementor-14\">\n\t\t\t\t<div class=\"elementor-element elementor-element-5933b75 e-flex e-con-boxed e-con e-parent\" data-id=\"5933b75\" data-element_type=\"container\" data-settings=\"{&quot;background_background&quot;:&quot;classic&quot;}\">\n\t\t\t\t\t<div class=\"e-con-inner\">\n\t\t\t\t<div class=\"elementor-element elementor-element-8afcac9 elementor-widget elementor-widget-image\" data-id=\"8afcac9\" data-element_type=\"widget\" data-widget_type=\"image.default\">\n\t\t\t\t\t\t\t\t\t\t\t\t\t\t\t<img decoding=\"async\" width=\"337\" height=\"88\" src=\"https:\/\/www.marbilar.pt\/wp-content\/uploads\/2025\/10\/marbilar-invest-logo.svg\" class=\"attachment-full size-full wp-image-85\" alt=\"\" \/>\t\t\t\t\t\t\t\t\t\t\t\t\t\t\t<\/div>\n\t\t\t\t<div class=\"elementor-element elementor-element-906f568 elementor-widget elementor-widget-heading\" data-id=\"906f568\" data-element_type=\"widget\" data-widget_type=\"heading.default\">\n\t\t\t\t\t<h2 class=\"elementor-heading-title elementor-size-default\">Brevemente consigo<\/h2>\t\t\t\t<\/div>\n\t\t\t\t<div class=\"elementor-element elementor-element-ac86201 elementor-widget__width-initial elementor-widget elementor-widget-text-editor\" data-id=\"ac86201\" data-element_type=\"widget\" data-widget_type=\"text-editor.default\">\n\t\t\t\t\t\t\t\t\t<p>A Marbilar Invest \u00e9 um grupo empresarial inovador, comprometido com a excel\u00eancia e a cria\u00e7\u00e3o de valor atrav\u00e9s do desenvolvimento, gest\u00e3o e investimento em projetos diferenciadores. Atuamos com uma vis\u00e3o estrat\u00e9gica e foco na qualidade, oferecendo solu\u00e7\u00f5es que potenciam o crescimento sustent\u00e1vel e s\u00f3lido.<\/p>\t\t\t\t\t\t\t\t<\/div>\n\t\t\t\t<div class=\"elementor-element elementor-element-ece157b elementor-widget elementor-widget-text-editor\" data-id=\"ece157b\" data-element_type=\"widget\" data-widget_type=\"text-editor.default\">\n\t\t\t\t\t\t\t\t\t<p><a href=\"mailto:marbilar@marbilar.pt\">geral@marbilar.pt <\/a><br \/><strong>Viseu | Portugal<\/strong><\/p>\t\t\t\t\t\t\t\t<\/div>\n\t\t\t\t\t<\/div>\n\t\t\t\t<\/div>\n\t\t\t\t<\/div>\n\t\t","protected":false},"excerpt":{"rendered":"<p>Brevemente consigo A Marbilar Invest \u00e9 um grupo empresarial inovador, comprometido com a excel\u00eancia e a cria\u00e7\u00e3o de valor atrav\u00e9s do desenvolvimento, gest\u00e3o e investimento em projetos diferenciadores. Atuamos com uma vis\u00e3o estrat\u00e9gica e foco na qualidade, oferecendo solu\u00e7\u00f5es que potenciam o crescimento sustent\u00e1vel e s\u00f3lido. geral@marbilar.pt Viseu | Portugal<\/p>\n","protected":false},"author":1,"featured_media":0,"parent":0,"menu_order":0,"comment_status":"closed","ping_status":"closed","template":"elementor_canvas","meta":{"footnotes":""},"class_list":["post-14","page","type-page","status-publish","hentry"],"_links":{"self":[{"href":"https:\/\/www.marbilar.pt\/index.php\/wp-json\/wp\/v2\/pages\/14","targetHints":{"allow":["GET"]}}],"collection":[{"href":"https:\/\/www.marbilar.pt\/index.php\/wp-json\/wp\/v2\/pages"}],"about":[{"href":"https:\/\/www.marbilar.pt\/index.php\/wp-json\/wp\/v2\/types\/page"}],"author":[{"embeddable":true,"href":"https:\/\/www.marbilar.pt\/index.php\/wp-json\/wp\/v2\/users\/1"}],"replies":[{"embeddable":true,"href":"https:\/\/www.marbilar.pt\/index.php\/wp-json\/wp\/v2\/comments?post=14"}],"version-history":[{"count":68,"href":"https:\/\/www.marbilar.pt\/index.php\/wp-json\/wp\/v2\/pages\/14\/revisions"}],"predecessor-version":[{"id":92,"href":"https:\/\/www.marbilar.pt\/index.php\/wp-json\/wp\/v2\/pages\/14\/revisions\/92"}],"wp:attachment":[{"href":"https:\/\/www.marbilar.pt\/index.php\/wp-json\/wp\/v2\/media?parent=14"}],"curies":[{"name":"wp","href":"https:\/\/api.w.org\/{rel}","templated":true}]}}